{"id":37,"date":"2024-05-22T21:33:51","date_gmt":"2024-05-22T19:33:51","guid":{"rendered":"http:\/\/s883853285.onlinehome.fr\/html\/camping-le-plo\/recherche-disponibilite\/"},"modified":"2024-11-24T12:54:20","modified_gmt":"2024-11-24T11:54:20","slug":"recherche-disponibilite","status":"publish","type":"page","link":"https:\/\/campingleplo.fr\/v\/recherche-disponibilite\/","title":{"rendered":"Tarifs et disponibilit\u00e9s"},"content":{"rendered":"<p><code><script>\r\n    window.ctoutvert = {\r\n\t\tid: 9655, \r\n\t\tlang: 'auto', \r\n\t\turl: 'https:\/\/bookingpremium.secureholiday.net\/widgets\/'\r\n    };\r\n\r\n    (function (w, d, s, ctv, r, js, fjs) {\r\n        r=new XMLHttpRequest();r.open('GET',w[ctv].url+'js\/src.json');\r\n        r.responseType='json';r.json=true;r.send();\r\n        r.onload=function(){w[ctv].src=r.responseType=='json'?r.response:JSON.parse(r.response);\r\n        js.src=w[ctv].src[0];fjs.parentNode.insertBefore(js, fjs);}\r\n        js=d.createElement(s),fjs=d.getElementsByTagName(s)[0];\r\n        js.id='ctvwidget';js.async=1;\r\n    }(window, document, 'script', 'ctoutvert'));\r\n<\/script><br \/>\n<ctv-availability data-background-color=\"#FFFFFFFF\"><\/ctv-availability><\/code><\/p>\n","protected":false},"excerpt":{"rendered":"","protected":false},"author":1,"featured_media":0,"parent":0,"menu_order":0,"comment_status":"closed","ping_status":"closed","template":"","meta":{"_uag_custom_page_level_css":"","site-sidebar-layout":"default","site-content-layout":"","ast-site-content-layout":"default","site-content-style":"default","site-sidebar-style":"default","ast-global-header-display":"","ast-banner-title-visibility":"","ast-main-header-display":"","ast-hfb-above-header-display":"","ast-hfb-below-header-display":"","ast-hfb-mobile-header-display":"","site-post-title":"","ast-breadcrumbs-content":"","ast-featured-img":"","footer-sml-layout":"","ast-disable-related-posts":"","theme-transparent-header-meta":"disabled","adv-header-id-meta":"","stick-header-meta":"","header-above-stick-meta":"","header-main-stick-meta":"","header-below-stick-meta":"","astra-migrate-meta-layouts":"set","ast-page-background-enabled":"default","ast-page-background-meta":{"desktop":{"background-color":"var(--ast-global-color-4)","background-image":"","background-repeat":"repeat","background-position":"center center","background-size":"auto","background-attachment":"scroll","background-type":"","background-media":"","overlay-type":"","overlay-color":"","overlay-opacity":"","overlay-gradient":""},"tablet":{"background-color":"","background-image":"","background-repeat":"repeat","background-position":"center center","background-size":"auto","background-attachment":"scroll","background-type":"","background-media":"","overlay-type":"","overlay-color":"","overlay-opacity":"","overlay-gradient":""},"mobile":{"background-color":"","background-image":"","background-repeat":"repeat","background-position":"center center","background-size":"auto","background-attachment":"scroll","background-type":"","background-media":"","overlay-type":"","overlay-color":"","overlay-opacity":"","overlay-gradient":""}},"ast-content-background-meta":{"desktop":{"background-color":"var(--ast-global-color-5)","background-image":"","background-repeat":"repeat","background-position":"center center","background-size":"auto","background-attachment":"scroll","background-type":"","background-media":"","overlay-type":"","overlay-color":"","overlay-opacity":"","overlay-gradient":""},"tablet":{"background-color":"var(--ast-global-color-5)","background-image":"","background-repeat":"repeat","background-position":"center center","background-size":"auto","background-attachment":"scroll","background-type":"","background-media":"","overlay-type":"","overlay-color":"","overlay-opacity":"","overlay-gradient":""},"mobile":{"background-color":"var(--ast-global-color-5)","background-image":"","background-repeat":"repeat","background-position":"center center","background-size":"auto","background-attachment":"scroll","background-type":"","background-media":"","overlay-type":"","overlay-color":"","overlay-opacity":"","overlay-gradient":""}},"footnotes":""},"class_list":["post-37","page","type-page","status-publish","hentry"],"yoast_head":"<!-- This site is optimized with the Yoast SEO plugin v27.5 - https:\/\/yoast.com\/product\/yoast-seo-wordpress\/ -->\n<title>Tarifs et disponibilit\u00e9s - Camping \u2605\u2605\u2605<\/title>\n<meta name=\"robots\" content=\"index, follow, max-snippet:-1, max-image-preview:large, max-video-preview:-1\" \/>\n<link rel=\"canonical\" href=\"https:\/\/campingleplo.fr\/v\/recherche-disponibilite\/\" \/>\n<meta property=\"og:locale\" content=\"fr_FR\" \/>\n<meta property=\"og:type\" content=\"article\" \/>\n<meta property=\"og:title\" content=\"Tarifs et disponibilit\u00e9s - Camping \u2605\u2605\u2605\" \/>\n<meta property=\"og:url\" content=\"https:\/\/campingleplo.fr\/v\/recherche-disponibilite\/\" \/>\n<meta property=\"og:site_name\" content=\"Camping \u2605\u2605\u2605\" \/>\n<meta property=\"article:modified_time\" content=\"2024-11-24T11:54:20+00:00\" \/>\n<meta property=\"og:image\" content=\"https:\/\/campingleplo.fr\/v\/wp-content\/uploads\/2024\/06\/AIA0317.jpg\" \/>\n\t<meta property=\"og:image:width\" content=\"2362\" \/>\n\t<meta property=\"og:image:height\" content=\"1575\" \/>\n\t<meta property=\"og:image:type\" content=\"image\/jpeg\" \/>\n<meta name=\"twitter:card\" content=\"summary_large_image\" \/>\n<meta name=\"twitter:label1\" content=\"Dur\u00e9e de lecture estim\u00e9e\" \/>\n\t<meta name=\"twitter:data1\" content=\"1 minute\" \/>\n<script type=\"application\/ld+json\" class=\"yoast-schema-graph\">{\"@context\":\"https:\\\/\\\/schema.org\",\"@graph\":[{\"@type\":\"WebPage\",\"@id\":\"https:\\\/\\\/campingleplo.fr\\\/v\\\/recherche-disponibilite\\\/\",\"url\":\"https:\\\/\\\/campingleplo.fr\\\/v\\\/recherche-disponibilite\\\/\",\"name\":\"Tarifs et disponibilit\u00e9s - Camping \u2605\u2605\u2605\",\"isPartOf\":{\"@id\":\"https:\\\/\\\/campingleplo.fr\\\/v\\\/#website\"},\"datePublished\":\"2024-05-22T19:33:51+00:00\",\"dateModified\":\"2024-11-24T11:54:20+00:00\",\"breadcrumb\":{\"@id\":\"https:\\\/\\\/campingleplo.fr\\\/v\\\/recherche-disponibilite\\\/#breadcrumb\"},\"inLanguage\":\"fr-FR\",\"potentialAction\":[{\"@type\":\"ReadAction\",\"target\":[\"https:\\\/\\\/campingleplo.fr\\\/v\\\/recherche-disponibilite\\\/\"]}]},{\"@type\":\"BreadcrumbList\",\"@id\":\"https:\\\/\\\/campingleplo.fr\\\/v\\\/recherche-disponibilite\\\/#breadcrumb\",\"itemListElement\":[{\"@type\":\"ListItem\",\"position\":1,\"name\":\"Accueil\",\"item\":\"https:\\\/\\\/campingleplo.fr\\\/v\\\/\"},{\"@type\":\"ListItem\",\"position\":2,\"name\":\"Tarifs et disponibilit\u00e9s\"}]},{\"@type\":\"WebSite\",\"@id\":\"https:\\\/\\\/campingleplo.fr\\\/v\\\/#website\",\"url\":\"https:\\\/\\\/campingleplo.fr\\\/v\\\/\",\"name\":\"Camping Le Pl\u00f4\",\"description\":\"D\u00e9couvrez l\u2019harmonie parfaite entre nature pr\u00e9serv\u00e9e et confort moderne au Camping Le Plo, au c\u0153ur de l\u2019Aveyron.\",\"publisher\":{\"@id\":\"https:\\\/\\\/campingleplo.fr\\\/v\\\/#organization\"},\"alternateName\":\"Camping Le Pl\u00f4\",\"potentialAction\":[{\"@type\":\"SearchAction\",\"target\":{\"@type\":\"EntryPoint\",\"urlTemplate\":\"https:\\\/\\\/campingleplo.fr\\\/v\\\/?s={search_term_string}\"},\"query-input\":{\"@type\":\"PropertyValueSpecification\",\"valueRequired\":true,\"valueName\":\"search_term_string\"}}],\"inLanguage\":\"fr-FR\"},{\"@type\":\"Organization\",\"@id\":\"https:\\\/\\\/campingleplo.fr\\\/v\\\/#organization\",\"name\":\"Camping Le Pl\u00f4\",\"url\":\"https:\\\/\\\/campingleplo.fr\\\/v\\\/\",\"logo\":{\"@type\":\"ImageObject\",\"inLanguage\":\"fr-FR\",\"@id\":\"https:\\\/\\\/campingleplo.fr\\\/v\\\/#\\\/schema\\\/logo\\\/image\\\/\",\"url\":\"https:\\\/\\\/campingleplo.fr\\\/v\\\/wp-content\\\/uploads\\\/2025\\\/09\\\/cropped-cropped-cropped-camping_le_plo_logo.png\",\"contentUrl\":\"https:\\\/\\\/campingleplo.fr\\\/v\\\/wp-content\\\/uploads\\\/2025\\\/09\\\/cropped-cropped-cropped-camping_le_plo_logo.png\",\"width\":512,\"height\":512,\"caption\":\"Camping Le Pl\u00f4\"},\"image\":{\"@id\":\"https:\\\/\\\/campingleplo.fr\\\/v\\\/#\\\/schema\\\/logo\\\/image\\\/\"}}]}<\/script>\n<!-- \/ Yoast SEO plugin. -->","yoast_head_json":{"title":"Tarifs et disponibilit\u00e9s - Camping \u2605\u2605\u2605","robots":{"index":"index","follow":"follow","max-snippet":"max-snippet:-1","max-image-preview":"max-image-preview:large","max-video-preview":"max-video-preview:-1"},"canonical":"https:\/\/campingleplo.fr\/v\/recherche-disponibilite\/","og_locale":"fr_FR","og_type":"article","og_title":"Tarifs et disponibilit\u00e9s - Camping \u2605\u2605\u2605","og_url":"https:\/\/campingleplo.fr\/v\/recherche-disponibilite\/","og_site_name":"Camping \u2605\u2605\u2605","article_modified_time":"2024-11-24T11:54:20+00:00","og_image":[{"width":2362,"height":1575,"url":"https:\/\/campingleplo.fr\/v\/wp-content\/uploads\/2024\/06\/AIA0317.jpg","type":"image\/jpeg"}],"twitter_card":"summary_large_image","twitter_misc":{"Dur\u00e9e de lecture estim\u00e9e":"1 minute"},"schema":{"@context":"https:\/\/schema.org","@graph":[{"@type":"WebPage","@id":"https:\/\/campingleplo.fr\/v\/recherche-disponibilite\/","url":"https:\/\/campingleplo.fr\/v\/recherche-disponibilite\/","name":"Tarifs et disponibilit\u00e9s - Camping \u2605\u2605\u2605","isPartOf":{"@id":"https:\/\/campingleplo.fr\/v\/#website"},"datePublished":"2024-05-22T19:33:51+00:00","dateModified":"2024-11-24T11:54:20+00:00","breadcrumb":{"@id":"https:\/\/campingleplo.fr\/v\/recherche-disponibilite\/#breadcrumb"},"inLanguage":"fr-FR","potentialAction":[{"@type":"ReadAction","target":["https:\/\/campingleplo.fr\/v\/recherche-disponibilite\/"]}]},{"@type":"BreadcrumbList","@id":"https:\/\/campingleplo.fr\/v\/recherche-disponibilite\/#breadcrumb","itemListElement":[{"@type":"ListItem","position":1,"name":"Accueil","item":"https:\/\/campingleplo.fr\/v\/"},{"@type":"ListItem","position":2,"name":"Tarifs et disponibilit\u00e9s"}]},{"@type":"WebSite","@id":"https:\/\/campingleplo.fr\/v\/#website","url":"https:\/\/campingleplo.fr\/v\/","name":"Camping Le Pl\u00f4","description":"D\u00e9couvrez l\u2019harmonie parfaite entre nature pr\u00e9serv\u00e9e et confort moderne au Camping Le Plo, au c\u0153ur de l\u2019Aveyron.","publisher":{"@id":"https:\/\/campingleplo.fr\/v\/#organization"},"alternateName":"Camping Le Pl\u00f4","potentialAction":[{"@type":"SearchAction","target":{"@type":"EntryPoint","urlTemplate":"https:\/\/campingleplo.fr\/v\/?s={search_term_string}"},"query-input":{"@type":"PropertyValueSpecification","valueRequired":true,"valueName":"search_term_string"}}],"inLanguage":"fr-FR"},{"@type":"Organization","@id":"https:\/\/campingleplo.fr\/v\/#organization","name":"Camping Le Pl\u00f4","url":"https:\/\/campingleplo.fr\/v\/","logo":{"@type":"ImageObject","inLanguage":"fr-FR","@id":"https:\/\/campingleplo.fr\/v\/#\/schema\/logo\/image\/","url":"https:\/\/campingleplo.fr\/v\/wp-content\/uploads\/2025\/09\/cropped-cropped-cropped-camping_le_plo_logo.png","contentUrl":"https:\/\/campingleplo.fr\/v\/wp-content\/uploads\/2025\/09\/cropped-cropped-cropped-camping_le_plo_logo.png","width":512,"height":512,"caption":"Camping Le Pl\u00f4"},"image":{"@id":"https:\/\/campingleplo.fr\/v\/#\/schema\/logo\/image\/"}}]}},"uagb_featured_image_src":{"full":false,"thumbnail":false,"medium":false,"medium_large":false,"large":false,"1536x1536":false,"2048x2048":false},"uagb_author_info":{"display_name":"admin_sitaime","author_link":"https:\/\/campingleplo.fr\/v\/author\/admin_sitaime\/"},"uagb_comment_info":0,"uagb_excerpt":null,"_links":{"self":[{"href":"https:\/\/campingleplo.fr\/v\/wp-json\/wp\/v2\/pages\/37","targetHints":{"allow":["GET"]}}],"collection":[{"href":"https:\/\/campingleplo.fr\/v\/wp-json\/wp\/v2\/pages"}],"about":[{"href":"https:\/\/campingleplo.fr\/v\/wp-json\/wp\/v2\/types\/page"}],"author":[{"embeddable":true,"href":"https:\/\/campingleplo.fr\/v\/wp-json\/wp\/v2\/users\/1"}],"replies":[{"embeddable":true,"href":"https:\/\/campingleplo.fr\/v\/wp-json\/wp\/v2\/comments?post=37"}],"version-history":[{"count":14,"href":"https:\/\/campingleplo.fr\/v\/wp-json\/wp\/v2\/pages\/37\/revisions"}],"predecessor-version":[{"id":1680,"href":"https:\/\/campingleplo.fr\/v\/wp-json\/wp\/v2\/pages\/37\/revisions\/1680"}],"wp:attachment":[{"href":"https:\/\/campingleplo.fr\/v\/wp-json\/wp\/v2\/media?parent=37"}],"curies":[{"name":"wp","href":"https:\/\/api.w.org\/{rel}","templated":true}]}}