{"id":118,"date":"2024-06-24T21:43:17","date_gmt":"2024-06-24T19:43:17","guid":{"rendered":"http:\/\/s883853285.onlinehome.fr\/html\/camping-le-plo\/about\/"},"modified":"2024-12-02T20:21:21","modified_gmt":"2024-12-02T19:21:21","slug":"about","status":"publish","type":"page","link":"https:\/\/campingleplo.fr\/v\/about\/","title":{"rendered":"About"},"content":{"rendered":"\n<div class=\"wp-block-uagb-container uagb-block-7fa683e6 alignfull uagb-is-root-container\"><div class=\"uagb-container-inner-blocks-wrap\">\n<div class=\"wp-block-uagb-advanced-heading uagb-block-74b342eb\"><h1 class=\"uagb-heading-text\">D\u00e9couvrez Camping Le Pl\u00f4<\/h1><\/div>\n<\/div><\/div>\n\n\n\n<div class=\"wp-block-uagb-container uagb-block-94ded581 alignfull uagb-is-root-container\"><div class=\"uagb-container-inner-blocks-wrap\">\n<div class=\"wp-block-uagb-advanced-heading uagb-block-671f3570\"><h2 class=\"uagb-heading-text\">Notre Histoire<\/h2><\/div>\n\n\n\n<div class=\"wp-block-uagb-container uagb-block-21891d52\">\n<div class=\"wp-block-uagb-container uagb-block-8a4a99e4\">\n<div class=\"wp-block-uagb-image alignleft uagb-block-e71a6b83 wp-block-uagb-image--layout-default wp-block-uagb-image--effect-static wp-block-uagb-image--align-left\"><figure class=\"wp-block-uagb-image__figure\"><img loading=\"lazy\" decoding=\"async\" srcset=\"https:\/\/campingleplo.fr\/v\/wp-content\/uploads\/2024\/06\/IMG_8182-1-1024x768.jpg ,https:\/\/campingleplo.fr\/v\/wp-content\/uploads\/2024\/06\/IMG_8182-1-scaled.jpg 780w, https:\/\/campingleplo.fr\/v\/wp-content\/uploads\/2024\/06\/IMG_8182-1-scaled.jpg 360w\" sizes=\"auto, (max-width: 480px) 150px\" src=\"https:\/\/campingleplo.fr\/v\/wp-content\/uploads\/2024\/06\/IMG_8182-1-1024x768.jpg\" alt=\"\" class=\"uag-image-144\" width=\"526\" height=\"536\" title=\"IMG_8182\" loading=\"lazy\" role=\"img\"\/><\/figure><\/div>\n<\/div>\n\n\n\n<div class=\"wp-block-uagb-container uagb-block-7e959f87\">\n<div class=\"wp-block-uagb-info-box uagb-block-4960c374 uagb-infobox__content-wrap  uagb-infobox-icon-above-title uagb-infobox-image-valign-top\"><div class=\"uagb-ifb-content\"><div class=\"uagb-ifb-title-wrap\"><h3 class=\"uagb-ifb-title\">Camping Le Pl\u00f4 offre une ambiance authentique avec ses chalets en bois, mobile homes, et une piscine chauff\u00e9e pour des moments de d\u00e9tente uniques.<\/h3><\/div><p class=\"uagb-ifb-desc\">Le camping a vu le jour dans une volont\u00e9 de cr\u00e9er un lieu de relaxation et de connexion avec la nature.<br><br>Le Camping Le Pl\u00f4 a accueilli des clients en qu\u00eate de tranquillit\u00e9, de nature et de bien-\u00eatre.<\/p><\/div><\/div>\n<\/div>\n<\/div>\n<\/div><\/div>\n\n\n\n<div class=\"wp-block-uagb-container uagb-block-cc344175 alignfull uagb-is-root-container\"><div class=\"uagb-container-inner-blocks-wrap\">\n<div class=\"wp-block-uagb-advanced-heading uagb-block-7b2294a3\"><h2 class=\"uagb-heading-text\">Nos Valeurs<\/h2><p class=\"uagb-desc-text\">\u00c9l\u00e9ments essentiels qui d\u00e9finissent notre engagement envers nos clients<\/p><\/div>\n\n\n\n<div class=\"wp-block-uagb-container uagb-block-ecb8dade\">\n<div class=\"wp-block-uagb-advanced-heading uagb-block-bef7d43a\"><h3 class=\"uagb-heading-text\">Authenticit\u00e9<\/h3><p class=\"uagb-desc-text\">Nous nous engageons \u00e0 offrir une exp\u00e9rience authentique qui refl\u00e8te la beaut\u00e9 naturelle de notre environnement.<\/p><\/div>\n\n\n\n<div class=\"wp-block-uagb-advanced-heading uagb-block-b863782d\"><h3 class=\"uagb-heading-text\">Qualit\u00e9<\/h3><p class=\"uagb-desc-text\">Nous mettons la qualit\u00e9 au c\u0153ur de nos services, de l&rsquo;h\u00e9bergement aux activit\u00e9s propos\u00e9es.<\/p><\/div>\n\n\n\n<div class=\"wp-block-uagb-advanced-heading uagb-block-9f890ad2\"><h3 class=\"uagb-heading-text\">Hospitalit\u00e9<\/h3><p class=\"uagb-desc-text\">Notre \u00e9quipe chaleureuse est l\u00e0 pour accueillir nos clients et leur garantir un s\u00e9jour inoubliable.<\/p><\/div>\n<\/div>\n<\/div><\/div>\n\n\n\n<div class=\"wp-block-uagb-container uagb-block-c84325e4 alignfull uagb-is-root-container\"><div class=\"uagb-container-inner-blocks-wrap\">\n<div class=\"wp-block-uagb-info-box uagb-block-d8a09d88 uagb-infobox__content-wrap  uagb-infobox-icon-above-title uagb-infobox-image-valign-top\"><div class=\"uagb-ifb-content\"><div class=\"uagb-ifb-title-wrap\"><h2 class=\"uagb-ifb-title\">R\u00e9servez Votre S\u00e9jour D\u00e8s Maintenant<\/h2><\/div><p class=\"uagb-ifb-desc\">Planifiez votre escapade parmi les paysages idylliques de l&rsquo;Aveyron. Un s\u00e9jour \u00e0 Camping Le Pl\u00f4 vous attend, r\u00e9servez d\u00e8s maintenant.<\/p><div class=\"uagb-ifb-button-wrapper wp-block-button\"><a href=\"\/v\/recherche-disponibilite\/\" class=\"uagb-infobox-cta-link wp-block-button__link\" target=\"_self\" rel=\"noopener noreferrer\" onclick=\"return true;\"><span class=\"uagb-inline-editing\">R\u00e9servez Maintenant<\/span><\/a><\/div><\/div><\/div>\n<\/div><\/div>\n\n\n\n<p><\/p>\n","protected":false},"excerpt":{"rendered":"<p>D\u00e9couvrez Camping Le Pl\u00f4 Notre Histoire Nos Valeurs \u00c9l\u00e9ments essentiels qui d\u00e9finissent notre engagement envers nos clients Authenticit\u00e9 Nous nous [&hellip;]<\/p>\n","protected":false},"author":1,"featured_media":0,"parent":0,"menu_order":0,"comment_status":"closed","ping_status":"closed","template":"","meta":{"_uag_custom_page_level_css":"","site-sidebar-layout":"default","site-content-layout":"","ast-site-content-layout":"default","site-content-style":"default","site-sidebar-style":"default","ast-global-header-display":"","ast-banner-title-visibility":"","ast-main-header-display":"","ast-hfb-above-header-display":"","ast-hfb-below-header-display":"","ast-hfb-mobile-header-display":"","site-post-title":"disabled","ast-breadcrumbs-content":"","ast-featured-img":"","footer-sml-layout":"","ast-disable-related-posts":"","theme-transparent-header-meta":"enabled","adv-header-id-meta":"","stick-header-meta":"","header-above-stick-meta":"","header-main-stick-meta":"","header-below-stick-meta":"","astra-migrate-meta-layouts":"set","ast-page-background-enabled":"default","ast-page-background-meta":{"desktop":{"background-color":"var(--ast-global-color-4)","background-image":"","background-repeat":"repeat","background-position":"center center","background-size":"auto","background-attachment":"scroll","background-type":"","background-media":"","overlay-type":"","overlay-color":"","overlay-opacity":"","overlay-gradient":""},"tablet":{"background-color":"","background-image":"","background-repeat":"repeat","background-position":"center center","background-size":"auto","background-attachment":"scroll","background-type":"","background-media":"","overlay-type":"","overlay-color":"","overlay-opacity":"","overlay-gradient":""},"mobile":{"background-color":"","background-image":"","background-repeat":"repeat","background-position":"center center","background-size":"auto","background-attachment":"scroll","background-type":"","background-media":"","overlay-type":"","overlay-color":"","overlay-opacity":"","overlay-gradient":""}},"ast-content-background-meta":{"desktop":{"background-color":"var(--ast-global-color-5)","background-image":"","background-repeat":"repeat","background-position":"center center","background-size":"auto","background-attachment":"scroll","background-type":"","background-media":"","overlay-type":"","overlay-color":"","overlay-opacity":"","overlay-gradient":""},"tablet":{"background-color":"var(--ast-global-color-5)","background-image":"","background-repeat":"repeat","background-position":"center center","background-size":"auto","background-attachment":"scroll","background-type":"","background-media":"","overlay-type":"","overlay-color":"","overlay-opacity":"","overlay-gradient":""},"mobile":{"background-color":"var(--ast-global-color-5)","background-image":"","background-repeat":"repeat","background-position":"center center","background-size":"auto","background-attachment":"scroll","background-type":"","background-media":"","overlay-type":"","overlay-color":"","overlay-opacity":"","overlay-gradient":""}},"footnotes":""},"class_list":["post-118","page","type-page","status-publish","hentry"],"yoast_head":"<!-- This site is optimized with the Yoast SEO plugin v27.4 - https:\/\/yoast.com\/product\/yoast-seo-wordpress\/ -->\n<title>About - Camping \u2605\u2605\u2605<\/title>\n<meta name=\"robots\" content=\"index, follow, max-snippet:-1, max-image-preview:large, max-video-preview:-1\" \/>\n<link rel=\"canonical\" href=\"https:\/\/campingleplo.fr\/v\/about\/\" \/>\n<meta property=\"og:locale\" content=\"fr_FR\" \/>\n<meta property=\"og:type\" content=\"article\" \/>\n<meta property=\"og:title\" content=\"About - Camping \u2605\u2605\u2605\" \/>\n<meta property=\"og:description\" content=\"D\u00e9couvrez Camping Le Pl\u00f4 Notre Histoire Nos Valeurs \u00c9l\u00e9ments essentiels qui d\u00e9finissent notre engagement envers nos clients Authenticit\u00e9 Nous nous [&hellip;]\" \/>\n<meta property=\"og:url\" content=\"https:\/\/campingleplo.fr\/v\/about\/\" \/>\n<meta property=\"og:site_name\" content=\"Camping \u2605\u2605\u2605\" \/>\n<meta property=\"article:modified_time\" content=\"2024-12-02T19:21:21+00:00\" \/>\n<meta property=\"og:image\" content=\"https:\/\/campingleplo.fr\/v\/wp-content\/uploads\/2024\/06\/IMG_8182-1-1024x768.jpg\" \/>\n<meta name=\"twitter:card\" content=\"summary_large_image\" \/>\n<meta name=\"twitter:label1\" content=\"Dur\u00e9e de lecture estim\u00e9e\" \/>\n\t<meta name=\"twitter:data1\" content=\"1 minute\" \/>\n<script type=\"application\/ld+json\" class=\"yoast-schema-graph\">{\"@context\":\"https:\\\/\\\/schema.org\",\"@graph\":[{\"@type\":\"WebPage\",\"@id\":\"https:\\\/\\\/campingleplo.fr\\\/v\\\/about\\\/\",\"url\":\"https:\\\/\\\/campingleplo.fr\\\/v\\\/about\\\/\",\"name\":\"About - Camping \u2605\u2605\u2605\",\"isPartOf\":{\"@id\":\"https:\\\/\\\/campingleplo.fr\\\/v\\\/#website\"},\"primaryImageOfPage\":{\"@id\":\"https:\\\/\\\/campingleplo.fr\\\/v\\\/about\\\/#primaryimage\"},\"image\":{\"@id\":\"https:\\\/\\\/campingleplo.fr\\\/v\\\/about\\\/#primaryimage\"},\"thumbnailUrl\":\"https:\\\/\\\/campingleplo.fr\\\/v\\\/wp-content\\\/uploads\\\/2024\\\/06\\\/IMG_8182-1-1024x768.jpg\",\"datePublished\":\"2024-06-24T19:43:17+00:00\",\"dateModified\":\"2024-12-02T19:21:21+00:00\",\"breadcrumb\":{\"@id\":\"https:\\\/\\\/campingleplo.fr\\\/v\\\/about\\\/#breadcrumb\"},\"inLanguage\":\"fr-FR\",\"potentialAction\":[{\"@type\":\"ReadAction\",\"target\":[\"https:\\\/\\\/campingleplo.fr\\\/v\\\/about\\\/\"]}]},{\"@type\":\"ImageObject\",\"inLanguage\":\"fr-FR\",\"@id\":\"https:\\\/\\\/campingleplo.fr\\\/v\\\/about\\\/#primaryimage\",\"url\":\"https:\\\/\\\/campingleplo.fr\\\/v\\\/wp-content\\\/uploads\\\/2024\\\/06\\\/IMG_8182-1-scaled.jpg\",\"contentUrl\":\"https:\\\/\\\/campingleplo.fr\\\/v\\\/wp-content\\\/uploads\\\/2024\\\/06\\\/IMG_8182-1-scaled.jpg\",\"width\":2560,\"height\":1920},{\"@type\":\"BreadcrumbList\",\"@id\":\"https:\\\/\\\/campingleplo.fr\\\/v\\\/about\\\/#breadcrumb\",\"itemListElement\":[{\"@type\":\"ListItem\",\"position\":1,\"name\":\"Accueil\",\"item\":\"https:\\\/\\\/campingleplo.fr\\\/v\\\/\"},{\"@type\":\"ListItem\",\"position\":2,\"name\":\"About\"}]},{\"@type\":\"WebSite\",\"@id\":\"https:\\\/\\\/campingleplo.fr\\\/v\\\/#website\",\"url\":\"https:\\\/\\\/campingleplo.fr\\\/v\\\/\",\"name\":\"Camping Le Pl\u00f4\",\"description\":\"D\u00e9couvrez l\u2019harmonie parfaite entre nature pr\u00e9serv\u00e9e et confort moderne au Camping Le Plo, au c\u0153ur de l\u2019Aveyron.\",\"publisher\":{\"@id\":\"https:\\\/\\\/campingleplo.fr\\\/v\\\/#organization\"},\"alternateName\":\"Camping Le Pl\u00f4\",\"potentialAction\":[{\"@type\":\"SearchAction\",\"target\":{\"@type\":\"EntryPoint\",\"urlTemplate\":\"https:\\\/\\\/campingleplo.fr\\\/v\\\/?s={search_term_string}\"},\"query-input\":{\"@type\":\"PropertyValueSpecification\",\"valueRequired\":true,\"valueName\":\"search_term_string\"}}],\"inLanguage\":\"fr-FR\"},{\"@type\":\"Organization\",\"@id\":\"https:\\\/\\\/campingleplo.fr\\\/v\\\/#organization\",\"name\":\"Camping Le Pl\u00f4\",\"url\":\"https:\\\/\\\/campingleplo.fr\\\/v\\\/\",\"logo\":{\"@type\":\"ImageObject\",\"inLanguage\":\"fr-FR\",\"@id\":\"https:\\\/\\\/campingleplo.fr\\\/v\\\/#\\\/schema\\\/logo\\\/image\\\/\",\"url\":\"https:\\\/\\\/campingleplo.fr\\\/v\\\/wp-content\\\/uploads\\\/2025\\\/09\\\/cropped-cropped-cropped-camping_le_plo_logo.png\",\"contentUrl\":\"https:\\\/\\\/campingleplo.fr\\\/v\\\/wp-content\\\/uploads\\\/2025\\\/09\\\/cropped-cropped-cropped-camping_le_plo_logo.png\",\"width\":512,\"height\":512,\"caption\":\"Camping Le Pl\u00f4\"},\"image\":{\"@id\":\"https:\\\/\\\/campingleplo.fr\\\/v\\\/#\\\/schema\\\/logo\\\/image\\\/\"}}]}<\/script>\n<!-- \/ Yoast SEO plugin. -->","yoast_head_json":{"title":"About - Camping \u2605\u2605\u2605","robots":{"index":"index","follow":"follow","max-snippet":"max-snippet:-1","max-image-preview":"max-image-preview:large","max-video-preview":"max-video-preview:-1"},"canonical":"https:\/\/campingleplo.fr\/v\/about\/","og_locale":"fr_FR","og_type":"article","og_title":"About - Camping \u2605\u2605\u2605","og_description":"D\u00e9couvrez Camping Le Pl\u00f4 Notre Histoire Nos Valeurs \u00c9l\u00e9ments essentiels qui d\u00e9finissent notre engagement envers nos clients Authenticit\u00e9 Nous nous [&hellip;]","og_url":"https:\/\/campingleplo.fr\/v\/about\/","og_site_name":"Camping \u2605\u2605\u2605","article_modified_time":"2024-12-02T19:21:21+00:00","og_image":[{"url":"https:\/\/campingleplo.fr\/v\/wp-content\/uploads\/2024\/06\/IMG_8182-1-1024x768.jpg","type":"","width":"","height":""}],"twitter_card":"summary_large_image","twitter_misc":{"Dur\u00e9e de lecture estim\u00e9e":"1 minute"},"schema":{"@context":"https:\/\/schema.org","@graph":[{"@type":"WebPage","@id":"https:\/\/campingleplo.fr\/v\/about\/","url":"https:\/\/campingleplo.fr\/v\/about\/","name":"About - Camping \u2605\u2605\u2605","isPartOf":{"@id":"https:\/\/campingleplo.fr\/v\/#website"},"primaryImageOfPage":{"@id":"https:\/\/campingleplo.fr\/v\/about\/#primaryimage"},"image":{"@id":"https:\/\/campingleplo.fr\/v\/about\/#primaryimage"},"thumbnailUrl":"https:\/\/campingleplo.fr\/v\/wp-content\/uploads\/2024\/06\/IMG_8182-1-1024x768.jpg","datePublished":"2024-06-24T19:43:17+00:00","dateModified":"2024-12-02T19:21:21+00:00","breadcrumb":{"@id":"https:\/\/campingleplo.fr\/v\/about\/#breadcrumb"},"inLanguage":"fr-FR","potentialAction":[{"@type":"ReadAction","target":["https:\/\/campingleplo.fr\/v\/about\/"]}]},{"@type":"ImageObject","inLanguage":"fr-FR","@id":"https:\/\/campingleplo.fr\/v\/about\/#primaryimage","url":"https:\/\/campingleplo.fr\/v\/wp-content\/uploads\/2024\/06\/IMG_8182-1-scaled.jpg","contentUrl":"https:\/\/campingleplo.fr\/v\/wp-content\/uploads\/2024\/06\/IMG_8182-1-scaled.jpg","width":2560,"height":1920},{"@type":"BreadcrumbList","@id":"https:\/\/campingleplo.fr\/v\/about\/#breadcrumb","itemListElement":[{"@type":"ListItem","position":1,"name":"Accueil","item":"https:\/\/campingleplo.fr\/v\/"},{"@type":"ListItem","position":2,"name":"About"}]},{"@type":"WebSite","@id":"https:\/\/campingleplo.fr\/v\/#website","url":"https:\/\/campingleplo.fr\/v\/","name":"Camping Le Pl\u00f4","description":"D\u00e9couvrez l\u2019harmonie parfaite entre nature pr\u00e9serv\u00e9e et confort moderne au Camping Le Plo, au c\u0153ur de l\u2019Aveyron.","publisher":{"@id":"https:\/\/campingleplo.fr\/v\/#organization"},"alternateName":"Camping Le Pl\u00f4","potentialAction":[{"@type":"SearchAction","target":{"@type":"EntryPoint","urlTemplate":"https:\/\/campingleplo.fr\/v\/?s={search_term_string}"},"query-input":{"@type":"PropertyValueSpecification","valueRequired":true,"valueName":"search_term_string"}}],"inLanguage":"fr-FR"},{"@type":"Organization","@id":"https:\/\/campingleplo.fr\/v\/#organization","name":"Camping Le Pl\u00f4","url":"https:\/\/campingleplo.fr\/v\/","logo":{"@type":"ImageObject","inLanguage":"fr-FR","@id":"https:\/\/campingleplo.fr\/v\/#\/schema\/logo\/image\/","url":"https:\/\/campingleplo.fr\/v\/wp-content\/uploads\/2025\/09\/cropped-cropped-cropped-camping_le_plo_logo.png","contentUrl":"https:\/\/campingleplo.fr\/v\/wp-content\/uploads\/2025\/09\/cropped-cropped-cropped-camping_le_plo_logo.png","width":512,"height":512,"caption":"Camping Le Pl\u00f4"},"image":{"@id":"https:\/\/campingleplo.fr\/v\/#\/schema\/logo\/image\/"}}]}},"uagb_featured_image_src":{"full":false,"thumbnail":false,"medium":false,"medium_large":false,"large":false,"1536x1536":false,"2048x2048":false},"uagb_author_info":{"display_name":"admin_sitaime","author_link":"https:\/\/campingleplo.fr\/v\/author\/admin_sitaime\/"},"uagb_comment_info":0,"uagb_excerpt":"D\u00e9couvrez Camping Le Pl\u00f4 Notre Histoire Nos Valeurs \u00c9l\u00e9ments essentiels qui d\u00e9finissent notre engagement envers nos clients Authenticit\u00e9 Nous nous [&hellip;]","_links":{"self":[{"href":"https:\/\/campingleplo.fr\/v\/wp-json\/wp\/v2\/pages\/118","targetHints":{"allow":["GET"]}}],"collection":[{"href":"https:\/\/campingleplo.fr\/v\/wp-json\/wp\/v2\/pages"}],"about":[{"href":"https:\/\/campingleplo.fr\/v\/wp-json\/wp\/v2\/types\/page"}],"author":[{"embeddable":true,"href":"https:\/\/campingleplo.fr\/v\/wp-json\/wp\/v2\/users\/1"}],"replies":[{"embeddable":true,"href":"https:\/\/campingleplo.fr\/v\/wp-json\/wp\/v2\/comments?post=118"}],"version-history":[{"count":5,"href":"https:\/\/campingleplo.fr\/v\/wp-json\/wp\/v2\/pages\/118\/revisions"}],"predecessor-version":[{"id":1698,"href":"https:\/\/campingleplo.fr\/v\/wp-json\/wp\/v2\/pages\/118\/revisions\/1698"}],"wp:attachment":[{"href":"https:\/\/campingleplo.fr\/v\/wp-json\/wp\/v2\/media?parent=118"}],"curies":[{"name":"wp","href":"https:\/\/api.w.org\/{rel}","templated":true}]}}